{"id":125,"date":"2018-03-08T15:53:22","date_gmt":"2018-03-08T15:53:22","guid":{"rendered":"http:\/\/hafenschule.online\/?page_id=125"},"modified":"2025-10-30T08:34:59","modified_gmt":"2025-10-30T08:34:59","slug":"das-hafenschul-team","status":"publish","type":"page","link":"http:\/\/hafenschule.online\/?page_id=125","title":{"rendered":"Das Hafenschul-Team"},"content":{"rendered":"\t\t<div data-elementor-type=\"wp-post\" data-elementor-id=\"125\" class=\"elementor elementor-125\">\n\t\t\t\t\t\t\t\t\t<section class=\"elementor-section elementor-top-section elementor-element elementor-element-2d85872 elementor-section-boxed elementor-section-height-default elementor-section-height-default\" data-id=\"2d85872\" data-element_type=\"section\">\n\t\t\t\t\t\t<div class=\"elementor-container elementor-column-gap-default\">\n\t\t\t\t\t<div class=\"elementor-column elementor-col-100 elementor-top-column elementor-element elementor-element-63e614f\" data-id=\"63e614f\" data-element_type=\"column\">\n\t\t\t<div class=\"elementor-widget-wrap elementor-element-populated\">\n\t\t\t\t\t\t\t\t<div class=\"elementor-element elementor-element-798acd9 elementor-view-default elementor-widget elementor-widget-icon\" data-id=\"798acd9\" data-element_type=\"widget\" data-widget_type=\"icon.default\">\n\t\t\t\t<div class=\"elementor-widget-container\">\n\t\t\t\t\t<div class=\"elementor-icon-wrapper\">\n\t\t\t<div class=\"elementor-icon\">\n\t\t\t<i aria-hidden=\"true\" class=\"fas fa-star\"><\/i>\t\t\t<\/div>\n\t\t<\/div>\n\t\t\t\t<\/div>\n\t\t\t\t<\/div>\n\t\t\t\t<div class=\"elementor-element elementor-element-7fd1f14 elementor-widget elementor-widget-heading\" data-id=\"7fd1f14\" data-element_type=\"widget\" data-widget_type=\"heading.default\">\n\t\t\t\t<div class=\"elementor-widget-container\">\n\t\t\t<h2 class=\"elementor-heading-title elementor-size-xxl\">Das Team der Hafenschule <br><\/h2>\t\t<\/div>\n\t\t\t\t<\/div>\n\t\t\t\t<div class=\"elementor-element elementor-element-2d712dd elementor-widget elementor-widget-image\" data-id=\"2d712dd\" data-element_type=\"widget\" data-widget_type=\"image.default\">\n\t\t\t\t<div class=\"elementor-widget-container\">\n\t\t\t\t\t\t\t\t\t\t\t\t\t\t\t<img loading=\"lazy\" decoding=\"async\" width=\"640\" height=\"480\" src=\"http:\/\/hafenschule.online\/wp-content\/uploads\/2025\/10\/Kollegium-1024x768.jpg\" class=\"attachment-large size-large wp-image-3190\" alt=\"\" srcset=\"http:\/\/hafenschule.online\/wp-content\/uploads\/2025\/10\/Kollegium-1024x768.jpg 1024w, http:\/\/hafenschule.online\/wp-content\/uploads\/2025\/10\/Kollegium-300x225.jpg 300w, http:\/\/hafenschule.online\/wp-content\/uploads\/2025\/10\/Kollegium-768x576.jpg 768w, http:\/\/hafenschule.online\/wp-content\/uploads\/2025\/10\/Kollegium-1536x1152.jpg 1536w, http:\/\/hafenschule.online\/wp-content\/uploads\/2025\/10\/Kollegium-2048x1536.jpg 2048w\" sizes=\"(max-width: 640px) 100vw, 640px\" \/>\t\t\t\t\t\t\t\t\t\t\t\t\t\t\t<\/div>\n\t\t\t\t<\/div>\n\t\t\t\t<div class=\"elementor-element elementor-element-811ab53 elementor-widget elementor-widget-text-editor\" data-id=\"811ab53\" data-element_type=\"widget\" data-widget_type=\"text-editor.default\">\n\t\t\t\t<div class=\"elementor-widget-container\">\n\t\t\t\t\t\t\t<h1><span style=\"color: #ffffff;\">In der N\u00e4he des Schiersteiner Hafens liegt die Hafenschule. Die Schule wird von Sonja Petermann geleitet. Unterst\u00fctzt wird sie von ihrem Konrektor Thomas Nenninger und einem starken Lehrerinnen und Lehrer-Team. Zur Zeit sind wir zweiz\u00fcgig. Durch den Bau der neuen Pavillonanlage konnten wir unseren Standort im Fritz-Br\u00fcderlein-Haus aufgeben und sind nun wieder mit allen Klassen in der Zehntenhofstra\u00dfe 6. Etwa 220 wissbegierige kleine Schiersteinerinnen und Schiersteiner werden dort unterrichtet. Nicht zu vergessen sind unsere Sekret\u00e4rin und unser Hausmeister, mit denen wir unser Team vervollst\u00e4ndigen. <br><\/span><\/h1>\n<h1><span style=\"color: #ffffff;\">Seit dem Schuljahr 2019-20 ist die Alfred-Delp-Schule in Frauenstein die Au\u00dfenstelle der Hafenschule. In Frauenstein werden ca. 100 wissbegierige Sch\u00fclerinnen und Sch\u00fcler von 5 Lehrerinnen und einer Sozial-P\u00e4dagogin unterrichtet. Die Eingangstufe z\u00e4hlt zu dem p\u00e4dagogischen Konzept der Alfred-Delp-Schule. Tatkr\u00e4ftige Unterst\u00fctzung erhalten die Kolleginnen von unserem Hausmeister Herr Wunder. Die Verwaltung sitzt in Schierstein.&nbsp;<\/span> <\/h1>\n<p><\/p><br>\t\t\t\t\t\t<\/div>\n\t\t\t\t<\/div>\n\t\t\t\t<div class=\"elementor-element elementor-element-ab804c6 elementor-view-default elementor-widget elementor-widget-icon\" data-id=\"ab804c6\" data-element_type=\"widget\" data-widget_type=\"icon.default\">\n\t\t\t\t<div class=\"elementor-widget-container\">\n\t\t\t\t\t<div class=\"elementor-icon-wrapper\">\n\t\t\t<div class=\"elementor-icon\">\n\t\t\t<i aria-hidden=\"true\" class=\"fas fa-star\"><\/i>\t\t\t<\/div>\n\t\t<\/div>\n\t\t\t\t<\/div>\n\t\t\t\t<\/div>\n\t\t\t\t<div class=\"elementor-element elementor-element-4222596 elementor-widget elementor-widget-text-editor\" data-id=\"4222596\" data-element_type=\"widget\" data-widget_type=\"text-editor.default\">\n\t\t\t\t<div class=\"elementor-widget-container\">\n\t\t\t\t\t\t\t<h1><span style=\"color: #ffffff;\">TEAM HAFENSCHULE<\/span><\/h1><h1><span style=\"color: #ffffff;\">Schulleiterin\u00a0\u00a0\u00a0\u00a0\u00a0\u00a0\u00a0\u00a0\u00a0\u00a0\u00a0 Sonja Petermann<\/span><\/h1><h1><span style=\"color: #ffffff;\">Konrektor\u00a0\u00a0\u00a0\u00a0\u00a0\u00a0\u00a0\u00a0\u00a0\u00a0\u00a0\u00a0\u00a0\u00a0\u00a0 Thomas Nenninger<\/span><\/h1><h1><span style=\"color: #ffffff;\">Sekretariat\u00a0\u00a0\u00a0\u00a0\u00a0\u00a0\u00a0\u00a0\u00a0\u00a0\u00a0\u00a0\u00a0 Laura Kr\u00e4mer<\/span><\/h1><h1><span style=\"color: #ffffff;\">Hausmeister\u00a0 \u00a0 \u00a0 \u00a0 \u00a0 \u00a0Peter Reineck<br \/><\/span><\/h1><h1><span style=\"color: #ffffff;\">Vorlaufkurs \u00a0 \u00a0 \u00a0 \u00a0 \u00a0 \u00a0 <span style=\"caret-color: #ffffff;\"><br \/><\/span><\/span><\/h1><h1><span style=\"color: #ffffff;\">Klasse 1 a \u00a0 \u00a0 \u00a0 \u00a0 \u00a0 \u00a0\u00a0 Sebastian Hoffmann<br \/><\/span><\/h1><h1><span style=\"color: #ffffff;\">Klasse 1 b\u00a0 \u00a0 \u00a0 \u00a0 \u00a0 \u00a0 \u00a0 Christel Francke<br \/><\/span><\/h1><div><h1><span style=\"color: #ffffff;\">Klasse 1 c\u00a0 \u00a0 \u00a0 \u00a0 \u00a0 \u00a0 \u00a0 Josephine Bauer<br \/><\/span><\/h1><p><span style=\"color: #ffffff;\">\u00a0<\/span><\/p><\/div><h1><span style=\"color: #ffffff;\">Klasse 2a \u00a0 \u00a0 \u00a0 \u00a0 \u00a0 \u00a0\u00a0 H\u00fclya Ahlvers-Dasberg<br \/><\/span><\/h1><h1><span style=\"color: #ffffff;\">Klasse 2 b \u00a0 \u00a0 \u00a0 \u00a0 \u00a0 \u00a0 Teresa Halm<br \/><\/span><\/h1><h1><span style=\"color: #ffffff;\">Klasse 2 c \u00a0 \u00a0 \u00a0 \u00a0 \u00a0 \u00a0\u00a0 &#8211;<br \/><\/span><\/h1><h1><span style=\"color: #ffffff;\">Klasse 3 a\u00a0 \u00a0 \u00a0 \u00a0 \u00a0 \u00a0 \u00a0 Maren Schneider<br \/><\/span><\/h1><h1><span style=\"color: #ffffff;\">Klasse 3 b \u00a0 \u00a0 \u00a0 \u00a0 \u00a0 \u00a0\u00a0 Edeltraud Klaus<br \/><\/span><\/h1><h1><span style=\"color: #ffffff;\">Klasse 3 c \u00a0 \u00a0 \u00a0 \u00a0 \u00a0 \u00a0\u00a0 Stefanie Jakobi<br \/><\/span><\/h1><h1><span style=\"color: #ffffff;\">Klasse 4 a \u00a0\u00a0\u00a0\u00a0\u00a0\u00a0\u00a0\u00a0\u00a0\u00a0\u00a0\u00a0 Isabel Hennings<br \/><\/span><\/h1><h1><span style=\"color: #ffffff;\">Klasse 4 b\u00a0\u00a0\u00a0\u00a0\u00a0\u00a0\u00a0\u00a0\u00a0\u00a0\u00a0\u00a0\u00a0 Thomas Nenninger<\/span><\/h1><h1><span style=\"color: #ffffff;\">Klasse 4 c\u00a0\u00a0\u00a0\u00a0\u00a0\u00a0\u00a0\u00a0\u00a0\u00a0\u00a0\u00a0\u00a0 Nadine Ringelstein<br \/><\/span><\/h1><div>\u00a0<\/div><div>\u00a0<\/div><div>\u00a0<\/div><h1><span style=\"color: #ffffff;\">\u00a0\u00a0\u00a0\u00a0\u00a0\u00a0\u00a0\u00a0\u00a0\u00a0\u00a0\u00a0\u00a0<\/span><\/h1><h1><span style=\"color: #ffffff;\">Fachlehrerinnen\u00a0 Anna Zielke, Nils Halbe, Johannes Schr\u00f6der, Chantal Nitzling, Saskia Seibold, Leon Sundermann<br \/><\/span><\/h1><h1><span style=\"color: #ffffff;\">F\u00f6rderschullehrerin \u00a0 \u00a0 \u00a0 \u00a0 \u00a0 \u00a0 \u00a0 \u00a0 \u00a0 \u00a0 \u00a0\u00a0 Anna Brockmann<\/span><\/h1><h1><span style=\"color: #ffffff;\">BFZ-Lehrerin\u00a0\u00a0\u00a0\u00a0\u00a0\u00a0\u00a0\u00a0\u00a0 \u00a0 \u00a0 \u00a0 \u00a0 \u00a0 \u00a0 \u00a0 \u00a0 \u00a0 \u00a0 \u00a0 \u00a0 \u00a0 Theresa Pietsch<br \/><\/span><\/h1><h1><span style=\"color: #ffffff;\">UBUS-Kraft \u00a0 \u00a0 \u00a0 \u00a0 \u00a0 \u00a0 \u00a0 \u00a0 \u00a0 \u00a0 \u00a0 \u00a0 \u00a0 \u00a0 \u00a0 \u00a0\u00a0 \u00a0\u00a0\u00a0\u00a0 Ute Kolmans\u00a0<\/span><\/h1><h1><span style=\"color: #ffffff;\">LiV\u00a0\u00a0\u00a0\u00a0\u00a0\u00a0\u00a0\u00a0\u00a0\u00a0\u00a0\u00a0\u00a0\u00a0\u00a0\u00a0\u00a0\u00a0\u00a0\u00a0\u00a0\u00a0\u00a0\u00a0\u00a0\u00a0\u00a0\u00a0\u00a0\u00a0\u00a0\u00a0\u00a0\u00a0\u00a0\u00a0\u00a0\u00a0\u00a0\u00a0\u00a0\u00a0\u00a0\u00a0\u00a0\u00a0\u00a0\u00a0\u00a0\u00a0\u00a0 &#8211;<br \/><\/span><\/h1><p>\u00a0<\/p><p>\u00a0<\/p>\t\t\t\t\t\t<\/div>\n\t\t\t\t<\/div>\n\t\t\t\t<div class=\"elementor-element elementor-element-2e2b0af elementor-widget elementor-widget-text-editor\" data-id=\"2e2b0af\" data-element_type=\"widget\" data-widget_type=\"text-editor.default\">\n\t\t\t\t<div class=\"elementor-widget-container\">\n\t\t\t\t\t\t\t\t\t\t\t\t\t<\/div>\n\t\t\t\t<\/div>\n\t\t\t\t\t<\/div>\n\t\t<\/div>\n\t\t\t\t\t\t\t<\/div>\n\t\t<\/section>\n\t\t\t\t\t\t\t<\/div>\n\t\t","protected":false},"excerpt":{"rendered":"<p>Das Team der Hafenschule In der N\u00e4he des Schiersteiner Hafens liegt die Hafenschule. Die Schule wird von Sonja Petermann geleitet. Unterst\u00fctzt wird sie von ihrem Konrektor Thomas Nenninger und einem starken Lehrerinnen und Lehrer-Team. Zur [&hellip;]<\/p>\n","protected":false},"author":1,"featured_media":0,"parent":0,"menu_order":0,"comment_status":"closed","ping_status":"closed","template":"","meta":{"footnotes":""},"_links":{"self":[{"href":"http:\/\/hafenschule.online\/index.php?rest_route=\/wp\/v2\/pages\/125"}],"collection":[{"href":"http:\/\/hafenschule.online\/index.php?rest_route=\/wp\/v2\/pages"}],"about":[{"href":"http:\/\/hafenschule.online\/index.php?rest_route=\/wp\/v2\/types\/page"}],"author":[{"embeddable":true,"href":"http:\/\/hafenschule.online\/index.php?rest_route=\/wp\/v2\/users\/1"}],"replies":[{"embeddable":true,"href":"http:\/\/hafenschule.online\/index.php?rest_route=%2Fwp%2Fv2%2Fcomments&post=125"}],"version-history":[{"count":129,"href":"http:\/\/hafenschule.online\/index.php?rest_route=\/wp\/v2\/pages\/125\/revisions"}],"predecessor-version":[{"id":3193,"href":"http:\/\/hafenschule.online\/index.php?rest_route=\/wp\/v2\/pages\/125\/revisions\/3193"}],"wp:attachment":[{"href":"http:\/\/hafenschule.online\/index.php?rest_route=%2Fwp%2Fv2%2Fmedia&parent=125"}],"curies":[{"name":"wp","href":"https:\/\/api.w.org\/{rel}","templated":true}]}}