{"id":198,"date":"2018-03-17T16:54:54","date_gmt":"2018-03-17T16:54:54","guid":{"rendered":"http:\/\/hafenschule.online\/?page_id=198"},"modified":"2023-09-28T12:10:19","modified_gmt":"2023-09-28T12:10:19","slug":"hafenschule-a-z","status":"publish","type":"page","link":"http:\/\/hafenschule.online\/?page_id=198","title":{"rendered":"Hafenschule A-Z"},"content":{"rendered":"\t\t<div data-elementor-type=\"wp-post\" data-elementor-id=\"198\" class=\"elementor elementor-198\">\n\t\t\t\t\t\t\t\t\t<section class=\"elementor-section elementor-top-section elementor-element elementor-element-88d6692 elementor-section-boxed elementor-section-height-default elementor-section-height-default\" data-id=\"88d6692\" data-element_type=\"section\">\n\t\t\t\t\t\t<div class=\"elementor-container elementor-column-gap-default\">\n\t\t\t\t\t<div class=\"elementor-column elementor-col-100 elementor-top-column elementor-element elementor-element-5534af8\" data-id=\"5534af8\" data-element_type=\"column\">\n\t\t\t<div class=\"elementor-widget-wrap elementor-element-populated\">\n\t\t\t\t\t\t\t\t<div class=\"elementor-element elementor-element-572734f elementor-widget elementor-widget-toggle\" data-id=\"572734f\" data-element_type=\"widget\" data-widget_type=\"toggle.default\">\n\t\t\t\t<div class=\"elementor-widget-container\">\n\t\t\t\t\t<div class=\"elementor-toggle\">\n\t\t\t\t\t\t\t<div class=\"elementor-toggle-item\">\n\t\t\t\t\t<div id=\"elementor-tab-title-9131\" class=\"elementor-tab-title\" data-tab=\"1\" role=\"button\" aria-controls=\"elementor-tab-content-9131\" aria-expanded=\"false\">\n\t\t\t\t\t\t\t\t\t\t\t\t<span class=\"elementor-toggle-icon elementor-toggle-icon-left\" aria-hidden=\"true\">\n\t\t\t\t\t\t\t\t\t\t\t\t\t\t\t<span class=\"elementor-toggle-icon-closed\"><i class=\"fas fa-caret-right\"><\/i><\/span>\n\t\t\t\t\t\t\t\t<span class=\"elementor-toggle-icon-opened\"><i class=\"elementor-toggle-icon-opened fas fa-caret-up\"><\/i><\/span>\n\t\t\t\t\t\t\t\t\t\t\t\t\t<\/span>\n\t\t\t\t\t\t\t\t\t\t\t\t<a class=\"elementor-toggle-title\" tabindex=\"0\">Beurlaubung<\/a>\n\t\t\t\t\t<\/div>\n\n\t\t\t\t\t<div id=\"elementor-tab-content-9131\" class=\"elementor-tab-content elementor-clearfix\" data-tab=\"1\" role=\"region\" aria-labelledby=\"elementor-tab-title-9131\"><p>Vor dem Hintergrund der gesetzlich geregelten Schulpflicht kann die Schule nur beim Vorliegen zwingender Gr\u00fcnde Sch\u00fcler vom Unterricht beurlauben. Daf\u00fcr gelten folgende Richtlinien:<\/p><p>Die Beurlaubung unmittelbar vor den Ferien oder im Anschluss an die Ferien ist nur in Ausnahmef\u00e4llen und aus wichtigen Gr\u00fcnden (z.B. als Ma\u00dfnahme der vorbeugenden Gesundheitshilfe) zul\u00e4ssig.<\/p><p>Entsprechende Antr\u00e4ge mit Begr\u00fcndung sind bitte schriftlich von den Erziehungsberechtigten sp\u00e4testens drei Wochen vorher bei der Schulleitung zu stellen. Diese Antr\u00e4ge werden nur einmal in der Grundschulzeit genehmigt. Die Schulleitung entscheidet \u00fcber die Beurlaubung auch unter Ber\u00fccksichtigung p\u00e4dagogischer Gesichtspunkte.<\/p><p>Beurlaubungen bis zu zwei Tagen \u2013 jedoch nicht unmittelbar vor oder nach den Ferien \u2013 k\u00f6nnen vom Klassenlehrer genehmigt werden.<\/p><p>Eine Beurlaubung aus religi\u00f6sen Gr\u00fcnden oder Feiern, auch bei Geschwisterkindern, ist jederzeit m\u00f6glich. Sie sollte allerdings auch schriftlich begr\u00fcndet beantragt werden.<\/p><\/div>\n\t\t\t\t<\/div>\n\t\t\t\t\t\t\t<div class=\"elementor-toggle-item\">\n\t\t\t\t\t<div id=\"elementor-tab-title-9132\" class=\"elementor-tab-title\" data-tab=\"2\" role=\"button\" aria-controls=\"elementor-tab-content-9132\" aria-expanded=\"false\">\n\t\t\t\t\t\t\t\t\t\t\t\t<span class=\"elementor-toggle-icon elementor-toggle-icon-left\" aria-hidden=\"true\">\n\t\t\t\t\t\t\t\t\t\t\t\t\t\t\t<span class=\"elementor-toggle-icon-closed\"><i class=\"fas fa-caret-right\"><\/i><\/span>\n\t\t\t\t\t\t\t\t<span class=\"elementor-toggle-icon-opened\"><i class=\"elementor-toggle-icon-opened fas fa-caret-up\"><\/i><\/span>\n\t\t\t\t\t\t\t\t\t\t\t\t\t<\/span>\n\t\t\t\t\t\t\t\t\t\t\t\t<a class=\"elementor-toggle-title\" tabindex=\"0\">Bewertungsma\u00dfstab<\/a>\n\t\t\t\t\t<\/div>\n\n\t\t\t\t\t<div id=\"elementor-tab-content-9132\" class=\"elementor-tab-content elementor-clearfix\" data-tab=\"2\" role=\"region\" aria-labelledby=\"elementor-tab-title-9132\"><p><a href=\"http:\/\/hafenschule.online\/wp-content\/uploads\/2023\/09\/B-E-W-E-R-T-U-N-G-S-M-A-ss-S-T-A-B.pdf\">B E W E R T U N G S M A \u00df S T A B<\/a><\/p><\/div>\n\t\t\t\t<\/div>\n\t\t\t\t\t\t\t<div class=\"elementor-toggle-item\">\n\t\t\t\t\t<div id=\"elementor-tab-title-9133\" class=\"elementor-tab-title\" data-tab=\"3\" role=\"button\" aria-controls=\"elementor-tab-content-9133\" aria-expanded=\"false\">\n\t\t\t\t\t\t\t\t\t\t\t\t<span class=\"elementor-toggle-icon elementor-toggle-icon-left\" aria-hidden=\"true\">\n\t\t\t\t\t\t\t\t\t\t\t\t\t\t\t<span class=\"elementor-toggle-icon-closed\"><i class=\"fas fa-caret-right\"><\/i><\/span>\n\t\t\t\t\t\t\t\t<span class=\"elementor-toggle-icon-opened\"><i class=\"elementor-toggle-icon-opened fas fa-caret-up\"><\/i><\/span>\n\t\t\t\t\t\t\t\t\t\t\t\t\t<\/span>\n\t\t\t\t\t\t\t\t\t\t\t\t<a class=\"elementor-toggle-title\" tabindex=\"0\">Datenschutz LUSD <\/a>\n\t\t\t\t\t<\/div>\n\n\t\t\t\t\t<div id=\"elementor-tab-content-9133\" class=\"elementor-tab-content elementor-clearfix\" data-tab=\"3\" role=\"region\" aria-labelledby=\"elementor-tab-title-9133\"><p><a href=\"http:\/\/hafenschule.online\/wp-content\/uploads\/2023\/09\/Datenschutzhinweise-LUSD-Hafenschule-Alfred-Delp-Schule.pdf\">Datenschutzhinweise LUSD Hafenschule Alfred-Delp-Schule<\/a><\/p><\/div>\n\t\t\t\t<\/div>\n\t\t\t\t\t\t\t<div class=\"elementor-toggle-item\">\n\t\t\t\t\t<div id=\"elementor-tab-title-9134\" class=\"elementor-tab-title\" data-tab=\"4\" role=\"button\" aria-controls=\"elementor-tab-content-9134\" aria-expanded=\"false\">\n\t\t\t\t\t\t\t\t\t\t\t\t<span class=\"elementor-toggle-icon elementor-toggle-icon-left\" aria-hidden=\"true\">\n\t\t\t\t\t\t\t\t\t\t\t\t\t\t\t<span class=\"elementor-toggle-icon-closed\"><i class=\"fas fa-caret-right\"><\/i><\/span>\n\t\t\t\t\t\t\t\t<span class=\"elementor-toggle-icon-opened\"><i class=\"elementor-toggle-icon-opened fas fa-caret-up\"><\/i><\/span>\n\t\t\t\t\t\t\t\t\t\t\t\t\t<\/span>\n\t\t\t\t\t\t\t\t\t\t\t\t<a class=\"elementor-toggle-title\" tabindex=\"0\">Handys, Smartphones und digitale Endger\u00e4te<\/a>\n\t\t\t\t\t<\/div>\n\n\t\t\t\t\t<div id=\"elementor-tab-content-9134\" class=\"elementor-tab-content elementor-clearfix\" data-tab=\"4\" role=\"region\" aria-labelledby=\"elementor-tab-title-9134\"><p><strong>Handys, Smartphones und digitale Endger\u00e4te<\/strong><\/p><p>Es gibt von Seiten der Schule keinen Grund, warum Kinder ein Telefon mit in die Schule bringen sollten, denn im Sekretariat kann in Notf\u00e4llen jederzeit angerufen werden.<\/p><p>Sollten Sie aber dennoch Ihrem Kind ein Handy\/Smartphone\/Smartwatch oder digitales Endger\u00e4t mitgeben, dann m\u00fcssen diese Ger\u00e4te immer ausgeschaltet und im Ranzen verstaut sein. Erst nach Schulschluss und au\u00dferhalb des Schulgel\u00e4ndes d\u00fcrfen die Ger\u00e4te aus dem Ranzen geholt und benutzt werden.<\/p><p>Weiter hilfreiche Informationen finden Sie auf der Seite: www.medien-sicher-de<\/p><\/div>\n\t\t\t\t<\/div>\n\t\t\t\t\t\t\t<div class=\"elementor-toggle-item\">\n\t\t\t\t\t<div id=\"elementor-tab-title-9135\" class=\"elementor-tab-title\" data-tab=\"5\" role=\"button\" aria-controls=\"elementor-tab-content-9135\" aria-expanded=\"false\">\n\t\t\t\t\t\t\t\t\t\t\t\t<span class=\"elementor-toggle-icon elementor-toggle-icon-left\" aria-hidden=\"true\">\n\t\t\t\t\t\t\t\t\t\t\t\t\t\t\t<span class=\"elementor-toggle-icon-closed\"><i class=\"fas fa-caret-right\"><\/i><\/span>\n\t\t\t\t\t\t\t\t<span class=\"elementor-toggle-icon-opened\"><i class=\"elementor-toggle-icon-opened fas fa-caret-up\"><\/i><\/span>\n\t\t\t\t\t\t\t\t\t\t\t\t\t<\/span>\n\t\t\t\t\t\t\t\t\t\t\t\t<a class=\"elementor-toggle-title\" tabindex=\"0\">Kranke Kinder<\/a>\n\t\t\t\t\t<\/div>\n\n\t\t\t\t\t<div id=\"elementor-tab-content-9135\" class=\"elementor-tab-content elementor-clearfix\" data-tab=\"5\" role=\"region\" aria-labelledby=\"elementor-tab-title-9135\"><p><strong>Was tun, wenn\u2026<\/strong><\/p><p>\u2026 Ihr Kind krank ist?:<\/p><p>Wenn Ihr Kind aus gesundheitlichen Gr\u00fcnden die Schule nicht besuchen kann, informieren Sie bitte ein Kind aus der Klasse, das dann den Klassenlehrer informiert oder informieren Sie die Klassenlehrkraft \u00fcber die SDUI App. Bitte geben Sie Ihrem Kind eine schriftliche Entschuldigung mit, wenn es wieder den Unterricht besucht. Sollte Ihr Kind l\u00e4nger als drei Tage fehlen, benachrichtigen Sie bitte den Klassenlehrer oder geben Sie eine schriftliche Entschuldigung oder ein \u00e4rztliches Attest in der Schule ab.<\/p><p>Erkrankt Ihr Kind w\u00e4hrend der Schulzeit, versuchen wir Sie unter den uns bekannten Notrufnummern zu benachrichtigen. In ernsten F\u00e4llen, etwa bei Unf\u00e4llen, nehmen wir ebenso Kontakt mit dem Krankenhaus oder einem Arzt auf.<\/p><p><strong>\u2026 ein in der N\u00e4he wohnender Klassenkamerad krank ist?<\/strong><\/p><p>Mitsch\u00fcler k\u00f6nnen den in der N\u00e4he wohnenden, aber erkrankten Klassenkameraden die Hausaufgaben, Arbeitsbl\u00e4tter oder Unterrichtsmaterialien mitbringen. Bevor sich die \u201eBoten\u201c auf den Weg machen, sollten sie sich telefonisch mit dem erkrankten Kind oder seinen Eltern abgestimmt haben. Diese Botendienste \u00fcbernehmen die Kinder freundlicherweise und immer freiwillig.<\/p><p>Ein erkranktes Kind bzw. seine Eltern m\u00fcssen sich immer selbstst\u00e4ndig um die Aufarbeitung des verpassten Unterrichtsstoffes bem\u00fchen.<\/p><\/div>\n\t\t\t\t<\/div>\n\t\t\t\t\t\t\t\t<\/div>\n\t\t\t\t<\/div>\n\t\t\t\t<\/div>\n\t\t\t\t\t<\/div>\n\t\t<\/div>\n\t\t\t\t\t\t\t<\/div>\n\t\t<\/section>\n\t\t\t\t\t\t\t<\/div>\n\t\t","protected":false},"excerpt":{"rendered":"<p>Beurlaubung Vor dem Hintergrund der gesetzlich geregelten Schulpflicht kann die Schule nur beim Vorliegen zwingender Gr\u00fcnde Sch\u00fcler vom Unterricht beurlauben. Daf\u00fcr gelten folgende Richtlinien: Die Beurlaubung unmittelbar vor den Ferien oder im Anschluss an die [&hellip;]<\/p>\n","protected":false},"author":1,"featured_media":0,"parent":0,"menu_order":0,"comment_status":"closed","ping_status":"closed","template":"","meta":{"footnotes":""},"_links":{"self":[{"href":"http:\/\/hafenschule.online\/index.php?rest_route=\/wp\/v2\/pages\/198"}],"collection":[{"href":"http:\/\/hafenschule.online\/index.php?rest_route=\/wp\/v2\/pages"}],"about":[{"href":"http:\/\/hafenschule.online\/index.php?rest_route=\/wp\/v2\/types\/page"}],"author":[{"embeddable":true,"href":"http:\/\/hafenschule.online\/index.php?rest_route=\/wp\/v2\/users\/1"}],"replies":[{"embeddable":true,"href":"http:\/\/hafenschule.online\/index.php?rest_route=%2Fwp%2Fv2%2Fcomments&post=198"}],"version-history":[{"count":40,"href":"http:\/\/hafenschule.online\/index.php?rest_route=\/wp\/v2\/pages\/198\/revisions"}],"predecessor-version":[{"id":2668,"href":"http:\/\/hafenschule.online\/index.php?rest_route=\/wp\/v2\/pages\/198\/revisions\/2668"}],"wp:attachment":[{"href":"http:\/\/hafenschule.online\/index.php?rest_route=%2Fwp%2Fv2%2Fmedia&parent=198"}],"curies":[{"name":"wp","href":"https:\/\/api.w.org\/{rel}","templated":true}]}}