{"id":298,"date":"2018-03-18T20:47:49","date_gmt":"2018-03-18T20:47:49","guid":{"rendered":"http:\/\/hafenschule.online\/?page_id=298"},"modified":"2024-10-31T08:02:10","modified_gmt":"2024-10-31T08:02:10","slug":"seb","status":"publish","type":"page","link":"http:\/\/hafenschule.online\/?page_id=298","title":{"rendered":"SEB"},"content":{"rendered":"\t\t<div data-elementor-type=\"wp-post\" data-elementor-id=\"298\" class=\"elementor elementor-298\">\n\t\t\t\t\t\t\t\t\t<section class=\"elementor-section elementor-top-section elementor-element elementor-element-0dddab1 elementor-section-boxed elementor-section-height-default elementor-section-height-default\" data-id=\"0dddab1\" data-element_type=\"section\">\n\t\t\t\t\t\t<div class=\"elementor-container elementor-column-gap-default\">\n\t\t\t\t\t<div class=\"elementor-column elementor-col-100 elementor-top-column elementor-element elementor-element-f633c47\" data-id=\"f633c47\" data-element_type=\"column\">\n\t\t\t<div class=\"elementor-widget-wrap elementor-element-populated\">\n\t\t\t\t\t\t\t\t<div class=\"elementor-element elementor-element-86044fd elementor-view-default elementor-widget elementor-widget-icon\" data-id=\"86044fd\" data-element_type=\"widget\" data-widget_type=\"icon.default\">\n\t\t\t\t<div class=\"elementor-widget-container\">\n\t\t\t\t\t<div class=\"elementor-icon-wrapper\">\n\t\t\t<a class=\"elementor-icon elementor-animation-pulse-grow\" href=\"http:\/\/www.hafenschule-wiesan.de\/cms\/index.php\/schulelternbeirat\/83-schulelternbeirat\">\n\t\t\t<i aria-hidden=\"true\" class=\"fas fa-star\"><\/i>\t\t\t<\/a>\n\t\t<\/div>\n\t\t\t\t<\/div>\n\t\t\t\t<\/div>\n\t\t\t\t<div class=\"elementor-element elementor-element-550321d elementor-widget elementor-widget-heading\" data-id=\"550321d\" data-element_type=\"widget\" data-widget_type=\"heading.default\">\n\t\t\t\t<div class=\"elementor-widget-container\">\n\t\t\t<h1 class=\"elementor-heading-title elementor-size-default\"><a href=\"http:\/\/www.hafenschule-wiesan.de\/cms\/index.php\/schulelternbeirat\/83-schulelternbeirat\">Der Schulelternbeirat der Hafenschule und der  Alfred-Delp-Schule<\/a><\/h1>\t\t<\/div>\n\t\t\t\t<\/div>\n\t\t\t\t\t<\/div>\n\t\t<\/div>\n\t\t\t\t\t\t\t<\/div>\n\t\t<\/section>\n\t\t\t\t<section class=\"elementor-section elementor-top-section elementor-element elementor-element-eb97ff9 elementor-section-boxed elementor-section-height-default elementor-section-height-default\" data-id=\"eb97ff9\" data-element_type=\"section\">\n\t\t\t\t\t\t<div class=\"elementor-container elementor-column-gap-default\">\n\t\t\t\t\t<div class=\"elementor-column elementor-col-100 elementor-top-column elementor-element elementor-element-dfacc70\" data-id=\"dfacc70\" data-element_type=\"column\">\n\t\t\t<div class=\"elementor-widget-wrap elementor-element-populated\">\n\t\t\t\t\t\t\t\t<div class=\"elementor-element elementor-element-1fb3b69 elementor-widget elementor-widget-text-editor\" data-id=\"1fb3b69\" data-element_type=\"widget\" data-widget_type=\"text-editor.default\">\n\t\t\t\t<div class=\"elementor-widget-container\">\n\t\t\t\t\t\t\t<h1 style=\"text-align: center;\"><span style=\"color: #ffffff;\">Herzlich Willkommen beim Schulelternbeirat der Hafenschule<\/span><\/h1>\n<h2 style=\"text-align: center;\">Der Schulelternbeirat (SEB) setzt sich aus den gew\u00e4hlten Klassenelternvertretern und ihren Stellvertretern zusammen. Die Elternbeir\u00e4te sind die Verbindung zwischen Elternhaus und Schule, sie geben Informationen in beide Richtungen weiter und vertreten die Interessen der Eltern aller Klassen innerhalb der Schule sowie nach au\u00dfen. Im regelm\u00e4\u00dfigen und offenen Austausch unterst\u00fctzt der SEB die Aufgaben der Schule.<br>Der SEB der Hafenschule w\u00e4hlt aus seiner Mitte heraus turnusgem\u00e4\u00df alle zwei Jahre einen Vorstand.<br>Der amtierende Vorstand wurde zu Beginn des Schuljahres 2024\/25 gew\u00e4hlt. Ihm geh\u00f6ren an:<\/h2>\n<h2 style=\"text-align: center;\">1. Vorsitzende: Michaela Biesok<br>2. Vorsitzender: Sebastian Birck<br>Kassenw\u00e4rtin: Vanessa Go\u00dfmann<br>Schriftf\u00fchrer: Iakovos Iakovidis <br><\/h2>\n<h3 style=\"text-align: center;\"><span style=\"color: #ffffff;\">Kontakt zum SEB-Vorstand per Mail: <br><\/span><\/h3>\n<h1 style=\"text-align: center;\"><span style=\"color: #ffffff;\"><br><\/span><\/h1>\n<h3 style=\"text-align: center;\"><span style=\"color: #ffffff;\">&nbsp;<\/span><\/h3>\n<p style=\"margin-bottom: 12.0pt;\">\n<\/p>\t\t\t\t\t\t<\/div>\n\t\t\t\t<\/div>\n\t\t\t\t\t<\/div>\n\t\t<\/div>\n\t\t\t\t\t\t\t<\/div>\n\t\t<\/section>\n\t\t\t\t\t\t\t<\/div>\n\t\t","protected":false},"excerpt":{"rendered":"<p>Der Schulelternbeirat der Hafenschule und der Alfred-Delp-Schule Herzlich Willkommen beim Schulelternbeirat der Hafenschule Der Schulelternbeirat (SEB) setzt sich aus den gew\u00e4hlten Klassenelternvertretern und ihren Stellvertretern zusammen. Die Elternbeir\u00e4te sind die Verbindung zwischen Elternhaus und Schule, [&hellip;]<\/p>\n","protected":false},"author":1,"featured_media":0,"parent":0,"menu_order":0,"comment_status":"closed","ping_status":"closed","template":"","meta":{"footnotes":""},"_links":{"self":[{"href":"http:\/\/hafenschule.online\/index.php?rest_route=\/wp\/v2\/pages\/298"}],"collection":[{"href":"http:\/\/hafenschule.online\/index.php?rest_route=\/wp\/v2\/pages"}],"about":[{"href":"http:\/\/hafenschule.online\/index.php?rest_route=\/wp\/v2\/types\/page"}],"author":[{"embeddable":true,"href":"http:\/\/hafenschule.online\/index.php?rest_route=\/wp\/v2\/users\/1"}],"replies":[{"embeddable":true,"href":"http:\/\/hafenschule.online\/index.php?rest_route=%2Fwp%2Fv2%2Fcomments&post=298"}],"version-history":[{"count":34,"href":"http:\/\/hafenschule.online\/index.php?rest_route=\/wp\/v2\/pages\/298\/revisions"}],"predecessor-version":[{"id":3038,"href":"http:\/\/hafenschule.online\/index.php?rest_route=\/wp\/v2\/pages\/298\/revisions\/3038"}],"wp:attachment":[{"href":"http:\/\/hafenschule.online\/index.php?rest_route=%2Fwp%2Fv2%2Fmedia&parent=298"}],"curies":[{"name":"wp","href":"https:\/\/api.w.org\/{rel}","templated":true}]}}