{"id":3043,"date":"2024-11-21T08:41:23","date_gmt":"2024-11-21T08:41:23","guid":{"rendered":"http:\/\/hafenschule.online\/?page_id=3043"},"modified":"2025-03-25T11:16:57","modified_gmt":"2025-03-25T11:16:57","slug":"asb-betreuung-hafenschule","status":"publish","type":"page","link":"http:\/\/hafenschule.online\/?page_id=3043","title":{"rendered":"ASB Betreuung Hafenschule"},"content":{"rendered":"\t\t<div data-elementor-type=\"wp-page\" data-elementor-id=\"3043\" class=\"elementor elementor-3043\">\n\t\t\t\t\t\t\t\t\t<section class=\"elementor-section elementor-top-section elementor-element elementor-element-860d082 elementor-section-boxed elementor-section-height-default elementor-section-height-default\" data-id=\"860d082\" data-element_type=\"section\">\n\t\t\t\t\t\t<div class=\"elementor-container elementor-column-gap-default\">\n\t\t\t\t\t<div class=\"elementor-column elementor-col-100 elementor-top-column elementor-element elementor-element-0185cae\" data-id=\"0185cae\" data-element_type=\"column\">\n\t\t\t<div class=\"elementor-widget-wrap elementor-element-populated\">\n\t\t\t\t\t\t\t\t<div class=\"elementor-element elementor-element-250a199 elementor-widget elementor-widget-image\" data-id=\"250a199\" data-element_type=\"widget\" data-widget_type=\"image.default\">\n\t\t\t\t<div class=\"elementor-widget-container\">\n\t\t\t\t\t\t\t\t\t\t\t\t\t\t\t\t<a href=\"https:\/\/www.asb-westhessen.de\/unsere-leistungen\/angebote-fur-kinder-jugendliche\/unsere-leistungen-angebote-fur-kinder-jugendliche-schulerhilfe-und-betreuung\/hafenschule-wiesbaden-schierstein\">\n\t\t\t\t\t\t\t<img loading=\"lazy\" decoding=\"async\" width=\"137\" height=\"79\" src=\"http:\/\/hafenschule.online\/wp-content\/uploads\/2024\/11\/ASB-Logo.jpg\" class=\"attachment-large size-large wp-image-3045\" alt=\"\" \/>\t\t\t\t\t\t\t\t<\/a>\n\t\t\t\t\t\t\t\t\t\t\t\t\t\t\t<\/div>\n\t\t\t\t<\/div>\n\t\t\t\t<section class=\"elementor-section elementor-inner-section elementor-element elementor-element-96676d7 elementor-section-boxed elementor-section-height-default elementor-section-height-default\" data-id=\"96676d7\" data-element_type=\"section\">\n\t\t\t\t\t\t<div class=\"elementor-container elementor-column-gap-default\">\n\t\t\t\t\t<div class=\"elementor-column elementor-col-50 elementor-inner-column elementor-element elementor-element-ba0f768\" data-id=\"ba0f768\" data-element_type=\"column\">\n\t\t\t<div class=\"elementor-widget-wrap elementor-element-populated\">\n\t\t\t\t\t\t\t\t<div class=\"elementor-element elementor-element-698ed3d elementor-widget elementor-widget-text-editor\" data-id=\"698ed3d\" data-element_type=\"widget\" data-widget_type=\"text-editor.default\">\n\t\t\t\t<div class=\"elementor-widget-container\">\n\t\t\t\t\t\t\t<p><a href=\"http:\/\/hafenschule.online\/wp-content\/uploads\/2025\/03\/Interessensbekundung-GanztagNEU.pdf\">Interessensbekundung GanztagNEU<\/a><\/p>\t\t\t\t\t\t<\/div>\n\t\t\t\t<\/div>\n\t\t\t\t\t<\/div>\n\t\t<\/div>\n\t\t\t\t<div class=\"elementor-column elementor-col-50 elementor-inner-column elementor-element elementor-element-e24ffc8\" data-id=\"e24ffc8\" data-element_type=\"column\">\n\t\t\t<div class=\"elementor-widget-wrap elementor-element-populated\">\n\t\t\t\t\t\t\t\t<div class=\"elementor-element elementor-element-5055352 elementor-widget elementor-widget-text-editor\" data-id=\"5055352\" data-element_type=\"widget\" data-widget_type=\"text-editor.default\">\n\t\t\t\t<div class=\"elementor-widget-container\">\n\t\t\t\t\t\t\t<p><a href=\"http:\/\/hafenschule.online\/wp-content\/uploads\/2025\/03\/GANZTAG-Modulplan-2025.pdf\">GANZTAG Modulplan 2025<\/a>.<\/p>\t\t\t\t\t\t<\/div>\n\t\t\t\t<\/div>\n\t\t\t\t\t<\/div>\n\t\t<\/div>\n\t\t\t\t\t\t\t<\/div>\n\t\t<\/section>\n\t\t\t\t<div class=\"elementor-element elementor-element-7b9abd2 elementor-widget elementor-widget-text-editor\" data-id=\"7b9abd2\" data-element_type=\"widget\" data-widget_type=\"text-editor.default\">\n\t\t\t\t<div class=\"elementor-widget-container\">\n\t\t\t\t\t\t\t<h1>Liebe Eltern,<\/h1><h1>hier finden Sie die Anmeldung f\u00fcr den Ganztag f\u00fcr das Schuljahr 2025-26.<\/h1><h1>Bitte f\u00fcllen Sie die Interessensbekundung und den Modulplan aus und geben beides bis zum 31.05.2025 im Sekretariat der Hafenschule ab.<\/h1>\t\t\t\t\t\t<\/div>\n\t\t\t\t<\/div>\n\t\t\t\t\t<\/div>\n\t\t<\/div>\n\t\t\t\t\t\t\t<\/div>\n\t\t<\/section>\n\t\t\t\t\t\t\t<\/div>\n\t\t","protected":false},"excerpt":{"rendered":"<p>Interessensbekundung GanztagNEU GANZTAG Modulplan 2025. Liebe Eltern, hier finden Sie die Anmeldung f\u00fcr den Ganztag f\u00fcr das Schuljahr 2025-26. Bitte f\u00fcllen Sie die Interessensbekundung und den Modulplan aus und geben beides bis zum 31.05.2025 im [&hellip;]<\/p>\n","protected":false},"author":1,"featured_media":0,"parent":0,"menu_order":0,"comment_status":"closed","ping_status":"closed","template":"","meta":{"footnotes":""},"_links":{"self":[{"href":"http:\/\/hafenschule.online\/index.php?rest_route=\/wp\/v2\/pages\/3043"}],"collection":[{"href":"http:\/\/hafenschule.online\/index.php?rest_route=\/wp\/v2\/pages"}],"about":[{"href":"http:\/\/hafenschule.online\/index.php?rest_route=\/wp\/v2\/types\/page"}],"author":[{"embeddable":true,"href":"http:\/\/hafenschule.online\/index.php?rest_route=\/wp\/v2\/users\/1"}],"replies":[{"embeddable":true,"href":"http:\/\/hafenschule.online\/index.php?rest_route=%2Fwp%2Fv2%2Fcomments&post=3043"}],"version-history":[{"count":10,"href":"http:\/\/hafenschule.online\/index.php?rest_route=\/wp\/v2\/pages\/3043\/revisions"}],"predecessor-version":[{"id":3105,"href":"http:\/\/hafenschule.online\/index.php?rest_route=\/wp\/v2\/pages\/3043\/revisions\/3105"}],"wp:attachment":[{"href":"http:\/\/hafenschule.online\/index.php?rest_route=%2Fwp%2Fv2%2Fmedia&parent=3043"}],"curies":[{"name":"wp","href":"https:\/\/api.w.org\/{rel}","templated":true}]}}