{"id":650,"date":"2018-11-12T09:55:40","date_gmt":"2018-11-12T09:55:40","guid":{"rendered":"http:\/\/hafenschule.online\/?page_id=650"},"modified":"2024-06-05T06:57:22","modified_gmt":"2024-06-05T06:57:22","slug":"neu-pullover-fuer-hafenkids","status":"publish","type":"page","link":"http:\/\/hafenschule.online\/?page_id=650","title":{"rendered":"T-Shirts und HafenHoodies f\u00fcr HafenKids!!!"},"content":{"rendered":"\t\t<div data-elementor-type=\"wp-post\" data-elementor-id=\"650\" class=\"elementor elementor-650\">\n\t\t\t\t\t\t\t\t\t<section class=\"elementor-section elementor-top-section elementor-element elementor-element-5f94cbda elementor-section-boxed elementor-section-height-default elementor-section-height-default\" data-id=\"5f94cbda\" data-element_type=\"section\">\n\t\t\t\t\t\t<div class=\"elementor-container elementor-column-gap-default\">\n\t\t\t\t\t<div class=\"elementor-column elementor-col-100 elementor-top-column elementor-element elementor-element-55d94cac\" data-id=\"55d94cac\" data-element_type=\"column\">\n\t\t\t<div class=\"elementor-widget-wrap elementor-element-populated\">\n\t\t\t\t\t\t\t\t<div class=\"elementor-element elementor-element-77b0c21 elementor-view-default elementor-widget elementor-widget-icon\" data-id=\"77b0c21\" data-element_type=\"widget\" data-widget_type=\"icon.default\">\n\t\t\t\t<div class=\"elementor-widget-container\">\n\t\t\t\t\t<div class=\"elementor-icon-wrapper\">\n\t\t\t<div class=\"elementor-icon\">\n\t\t\t<i aria-hidden=\"true\" class=\"fas fa-star\"><\/i>\t\t\t<\/div>\n\t\t<\/div>\n\t\t\t\t<\/div>\n\t\t\t\t<\/div>\n\t\t\t\t<div class=\"elementor-element elementor-element-491fc9c elementor-widget elementor-widget-heading\" data-id=\"491fc9c\" data-element_type=\"widget\" data-widget_type=\"heading.default\">\n\t\t\t\t<div class=\"elementor-widget-container\">\n\t\t\t<h1 class=\"elementor-heading-title elementor-size-xl\">T-Shirts sind im Sekretariat erh\u00e4ltlich!<\/h1>\t\t<\/div>\n\t\t\t\t<\/div>\n\t\t\t\t<div class=\"elementor-element elementor-element-7cb99de elementor-widget elementor-widget-text-editor\" data-id=\"7cb99de\" data-element_type=\"widget\" data-widget_type=\"text-editor.default\">\n\t\t\t\t<div class=\"elementor-widget-container\">\n\t\t\t\t\t\t\t<h2 style=\"text-align: center;\">Liebe Eltern!<\/h2><h2 style=\"text-align: center;\">Die HafenHoodies geh\u00f6ren seit 2019 zu unserem himmelblauen Inventar. <\/h2><h2 style=\"text-align: center;\">Das Logo kann in neongr\u00fcn oder neonpink gew\u00e4hlt werden.\u00a0<\/h2><h2 style=\"text-align: center;\">Wir freuen uns auf viele himmelblaue HafenHoodies, die den Schulhof leuchten lassen !<\/h2>\t\t\t\t\t\t<\/div>\n\t\t\t\t<\/div>\n\t\t\t\t<div class=\"elementor-element elementor-element-ef811f2 elementor-view-default elementor-widget elementor-widget-icon\" data-id=\"ef811f2\" data-element_type=\"widget\" data-widget_type=\"icon.default\">\n\t\t\t\t<div class=\"elementor-widget-container\">\n\t\t\t\t\t<div class=\"elementor-icon-wrapper\">\n\t\t\t<div class=\"elementor-icon\">\n\t\t\t<i aria-hidden=\"true\" class=\"fas fa-star\"><\/i>\t\t\t<\/div>\n\t\t<\/div>\n\t\t\t\t<\/div>\n\t\t\t\t<\/div>\n\t\t\t\t<div class=\"elementor-element elementor-element-21b3a40 elementor-widget elementor-widget-text-editor\" data-id=\"21b3a40\" data-element_type=\"widget\" data-widget_type=\"text-editor.default\">\n\t\t\t\t<div class=\"elementor-widget-container\">\n\t\t\t\t\t\t\t<h2>Schul-T-Shirts gibt es vorr\u00e4tig in t\u00fcrkis mit neongr\u00fcnem Logo in zwei verschiedenen Passformen: f\u00fcr M\u00e4dchen eher schmaler und f\u00fcr Jungs ewtas lockerer geschnitten.<\/h2><h2>Die Shirts kosten 10 Euro und gibt es\u00a0 in den Gr\u00f6\u00dfen 128, 140, 152 und 164.<\/h2><h2>Einfach im Sekretariat vorbei schauen, Frau Kr\u00e4mer ber\u00e4t Sie gerne.<\/h2>\t\t\t\t\t\t<\/div>\n\t\t\t\t<\/div>\n\t\t\t\t<section class=\"elementor-section elementor-inner-section elementor-element elementor-element-4a19712 elementor-section-boxed elementor-section-height-default elementor-section-height-default\" data-id=\"4a19712\" data-element_type=\"section\">\n\t\t\t\t\t\t<div class=\"elementor-container elementor-column-gap-default\">\n\t\t\t\t\t<div class=\"elementor-column elementor-col-50 elementor-inner-column elementor-element elementor-element-c4952a5\" data-id=\"c4952a5\" data-element_type=\"column\">\n\t\t\t<div class=\"elementor-widget-wrap elementor-element-populated\">\n\t\t\t\t\t\t\t\t<div class=\"elementor-element elementor-element-116b066 elementor-widget elementor-widget-image\" data-id=\"116b066\" data-element_type=\"widget\" data-widget_type=\"image.default\">\n\t\t\t\t<div class=\"elementor-widget-container\">\n\t\t\t\t\t\t\t\t\t\t\t\t\t\t\t<img loading=\"lazy\" decoding=\"async\" width=\"640\" height=\"480\" src=\"http:\/\/hafenschule.online\/wp-content\/uploads\/2019\/05\/HafenHoodies-2019-1024x768.jpg\" class=\"attachment-large size-large wp-image-829\" alt=\"\" srcset=\"http:\/\/hafenschule.online\/wp-content\/uploads\/2019\/05\/HafenHoodies-2019-1024x768.jpg 1024w, http:\/\/hafenschule.online\/wp-content\/uploads\/2019\/05\/HafenHoodies-2019-300x225.jpg 300w, http:\/\/hafenschule.online\/wp-content\/uploads\/2019\/05\/HafenHoodies-2019-768x576.jpg 768w\" sizes=\"(max-width: 640px) 100vw, 640px\" \/>\t\t\t\t\t\t\t\t\t\t\t\t\t\t\t<\/div>\n\t\t\t\t<\/div>\n\t\t\t\t\t<\/div>\n\t\t<\/div>\n\t\t\t\t<div class=\"elementor-column elementor-col-50 elementor-inner-column elementor-element elementor-element-f1b8f3c\" data-id=\"f1b8f3c\" data-element_type=\"column\">\n\t\t\t<div class=\"elementor-widget-wrap elementor-element-populated\">\n\t\t\t\t\t\t\t\t<div class=\"elementor-element elementor-element-2996e4c elementor-widget elementor-widget-image\" data-id=\"2996e4c\" data-element_type=\"widget\" data-widget_type=\"image.default\">\n\t\t\t\t<div class=\"elementor-widget-container\">\n\t\t\t\t\t\t\t\t\t\t\t\t\t\t\t<img loading=\"lazy\" decoding=\"async\" width=\"640\" height=\"480\" src=\"http:\/\/hafenschule.online\/wp-content\/uploads\/2019\/05\/IMG_7830-1024x768.jpg\" class=\"attachment-large size-large wp-image-831\" alt=\"\" srcset=\"http:\/\/hafenschule.online\/wp-content\/uploads\/2019\/05\/IMG_7830-1024x768.jpg 1024w, http:\/\/hafenschule.online\/wp-content\/uploads\/2019\/05\/IMG_7830-300x225.jpg 300w, http:\/\/hafenschule.online\/wp-content\/uploads\/2019\/05\/IMG_7830-768x576.jpg 768w\" sizes=\"(max-width: 640px) 100vw, 640px\" \/>\t\t\t\t\t\t\t\t\t\t\t\t\t\t\t<\/div>\n\t\t\t\t<\/div>\n\t\t\t\t\t<\/div>\n\t\t<\/div>\n\t\t\t\t\t\t\t<\/div>\n\t\t<\/section>\n\t\t\t\t<div class=\"elementor-element elementor-element-ed96591 elementor-widget elementor-widget-image\" data-id=\"ed96591\" data-element_type=\"widget\" data-widget_type=\"image.default\">\n\t\t\t\t<div class=\"elementor-widget-container\">\n\t\t\t\t\t\t\t\t\t\t\t\t\t\t\t<img loading=\"lazy\" decoding=\"async\" width=\"640\" height=\"480\" src=\"http:\/\/hafenschule.online\/wp-content\/uploads\/2019\/05\/HafenHoodies-3-2019-1024x768.jpg\" class=\"attachment-large size-large wp-image-828\" alt=\"\" srcset=\"http:\/\/hafenschule.online\/wp-content\/uploads\/2019\/05\/HafenHoodies-3-2019-1024x768.jpg 1024w, http:\/\/hafenschule.online\/wp-content\/uploads\/2019\/05\/HafenHoodies-3-2019-300x225.jpg 300w, http:\/\/hafenschule.online\/wp-content\/uploads\/2019\/05\/HafenHoodies-3-2019-768x576.jpg 768w\" sizes=\"(max-width: 640px) 100vw, 640px\" \/>\t\t\t\t\t\t\t\t\t\t\t\t\t\t\t<\/div>\n\t\t\t\t<\/div>\n\t\t\t\t<section class=\"elementor-section elementor-inner-section elementor-element elementor-element-cb6efc7 elementor-section-boxed elementor-section-height-default elementor-section-height-default\" data-id=\"cb6efc7\" data-element_type=\"section\">\n\t\t\t\t\t\t<div class=\"elementor-container elementor-column-gap-default\">\n\t\t\t\t\t<div class=\"elementor-column elementor-col-50 elementor-inner-column elementor-element elementor-element-2c61277\" data-id=\"2c61277\" data-element_type=\"column\">\n\t\t\t<div class=\"elementor-widget-wrap elementor-element-populated\">\n\t\t\t\t\t\t\t\t<div class=\"elementor-element elementor-element-37ebaa0 elementor-widget elementor-widget-image\" data-id=\"37ebaa0\" data-element_type=\"widget\" data-widget_type=\"image.default\">\n\t\t\t\t<div class=\"elementor-widget-container\">\n\t\t\t\t\t\t\t\t\t\t\t\t\t\t\t<img loading=\"lazy\" decoding=\"async\" width=\"640\" height=\"480\" src=\"http:\/\/hafenschule.online\/wp-content\/uploads\/2019\/02\/IMG_7300-1024x768.jpg\" class=\"attachment-large size-large wp-image-720\" alt=\"\" srcset=\"http:\/\/hafenschule.online\/wp-content\/uploads\/2019\/02\/IMG_7300-1024x768.jpg 1024w, http:\/\/hafenschule.online\/wp-content\/uploads\/2019\/02\/IMG_7300-300x225.jpg 300w, http:\/\/hafenschule.online\/wp-content\/uploads\/2019\/02\/IMG_7300-768x576.jpg 768w\" sizes=\"(max-width: 640px) 100vw, 640px\" \/>\t\t\t\t\t\t\t\t\t\t\t\t\t\t\t<\/div>\n\t\t\t\t<\/div>\n\t\t\t\t\t<\/div>\n\t\t<\/div>\n\t\t\t\t<div class=\"elementor-column elementor-col-50 elementor-inner-column elementor-element elementor-element-1c41a96\" data-id=\"1c41a96\" data-element_type=\"column\">\n\t\t\t<div class=\"elementor-widget-wrap elementor-element-populated\">\n\t\t\t\t\t\t\t\t<div class=\"elementor-element elementor-element-97b4bfb elementor-widget elementor-widget-image\" data-id=\"97b4bfb\" data-element_type=\"widget\" data-widget_type=\"image.default\">\n\t\t\t\t<div class=\"elementor-widget-container\">\n\t\t\t\t\t\t\t\t\t\t\t\t\t\t\t<img loading=\"lazy\" decoding=\"async\" width=\"640\" height=\"480\" src=\"http:\/\/hafenschule.online\/wp-content\/uploads\/2019\/02\/IMG_7299-1024x768.jpg\" class=\"attachment-large size-large wp-image-719\" alt=\"\" srcset=\"http:\/\/hafenschule.online\/wp-content\/uploads\/2019\/02\/IMG_7299-1024x768.jpg 1024w, http:\/\/hafenschule.online\/wp-content\/uploads\/2019\/02\/IMG_7299-300x225.jpg 300w, http:\/\/hafenschule.online\/wp-content\/uploads\/2019\/02\/IMG_7299-768x576.jpg 768w\" sizes=\"(max-width: 640px) 100vw, 640px\" \/>\t\t\t\t\t\t\t\t\t\t\t\t\t\t\t<\/div>\n\t\t\t\t<\/div>\n\t\t\t\t\t<\/div>\n\t\t<\/div>\n\t\t\t\t\t\t\t<\/div>\n\t\t<\/section>\n\t\t\t\t\t<\/div>\n\t\t<\/div>\n\t\t\t\t\t\t\t<\/div>\n\t\t<\/section>\n\t\t\t\t\t\t\t<\/div>\n\t\t","protected":false},"excerpt":{"rendered":"<p>T-Shirts sind im Sekretariat erh\u00e4ltlich! Liebe Eltern! Die HafenHoodies geh\u00f6ren seit 2019 zu unserem himmelblauen Inventar. Das Logo kann in neongr\u00fcn oder neonpink gew\u00e4hlt werden.\u00a0 Wir freuen uns auf viele himmelblaue HafenHoodies, die den Schulhof [&hellip;]<\/p>\n","protected":false},"author":1,"featured_media":0,"parent":0,"menu_order":0,"comment_status":"closed","ping_status":"closed","template":"","meta":{"footnotes":""},"_links":{"self":[{"href":"http:\/\/hafenschule.online\/index.php?rest_route=\/wp\/v2\/pages\/650"}],"collection":[{"href":"http:\/\/hafenschule.online\/index.php?rest_route=\/wp\/v2\/pages"}],"about":[{"href":"http:\/\/hafenschule.online\/index.php?rest_route=\/wp\/v2\/types\/page"}],"author":[{"embeddable":true,"href":"http:\/\/hafenschule.online\/index.php?rest_route=\/wp\/v2\/users\/1"}],"replies":[{"embeddable":true,"href":"http:\/\/hafenschule.online\/index.php?rest_route=%2Fwp%2Fv2%2Fcomments&post=650"}],"version-history":[{"count":28,"href":"http:\/\/hafenschule.online\/index.php?rest_route=\/wp\/v2\/pages\/650\/revisions"}],"predecessor-version":[{"id":2892,"href":"http:\/\/hafenschule.online\/index.php?rest_route=\/wp\/v2\/pages\/650\/revisions\/2892"}],"wp:attachment":[{"href":"http:\/\/hafenschule.online\/index.php?rest_route=%2Fwp%2Fv2%2Fmedia&parent=650"}],"curies":[{"name":"wp","href":"https:\/\/api.w.org\/{rel}","templated":true}]}}